{"id":2542,"date":"2025-10-12T12:41:19","date_gmt":"2025-10-12T10:41:19","guid":{"rendered":"https:\/\/cacou.ddns.net\/road-trip\/?page_id=2542"},"modified":"2026-04-25T17:30:16","modified_gmt":"2026-04-25T15:30:16","slug":"roadtrip-moto-usa","status":"publish","type":"page","link":"https:\/\/cacou.ddns.net\/road-trip\/index.php\/roadtrip-moto-usa\/","title":{"rendered":"Road Trip Moto USA"},"content":{"rendered":"\t\t<div data-elementor-type=\"wp-page\" data-elementor-id=\"2542\" class=\"elementor elementor-2542\" data-elementor-post-type=\"page\">\n\t\t\t\t<div class=\"elementor-element elementor-element-fe6b448 e-con-full e-flex e-con e-parent\" data-id=\"fe6b448\" data-element_type=\"container\" data-e-type=\"container\">\n\t\t\t\t<div class=\"elementor-element elementor-element-6659b6f elementor-grid-4 elementor-grid-tablet-4 elementor-grid-mobile-2 elementor-posts--align-left elementor-widget__width-inherit elementor-posts--thumbnail-top elementor-widget elementor-widget-posts\" data-id=\"6659b6f\" data-element_type=\"widget\" data-e-type=\"widget\" data-settings=\"{&quot;classic_columns&quot;:&quot;4&quot;,&quot;classic_columns_tablet&quot;:&quot;4&quot;,&quot;classic_columns_mobile&quot;:&quot;2&quot;,&quot;classic_row_gap&quot;:{&quot;unit&quot;:&quot;px&quot;,&quot;size&quot;:&quot;&quot;,&quot;sizes&quot;:[]},&quot;classic_row_gap_mobile&quot;:{&quot;unit&quot;:&quot;px&quot;,&quot;size&quot;:5,&quot;sizes&quot;:[]},&quot;pagination_type&quot;:&quot;prev_next&quot;,&quot;classic_row_gap_tablet&quot;:{&quot;unit&quot;:&quot;px&quot;,&quot;size&quot;:&quot;&quot;,&quot;sizes&quot;:[]}}\" data-widget_type=\"posts.classic\">\n\t\t\t\t<div class=\"elementor-widget-container\">\n\t\t\t\t\t\t\t<div class=\"elementor-posts-container elementor-posts elementor-posts--skin-classic elementor-grid\" role=\"list\">\n\t\t\t\t<article class=\"elementor-post elementor-grid-item post-2537 post type-post status-publish format-standard has-post-thumbnail hentry category-usa\" role=\"listitem\">\n\t\t\t\t<a class=\"elementor-post__thumbnail__link\" href=\"https:\/\/cacou.ddns.net\/road-trip\/index.php\/2025\/10\/19\/usa\/\" tabindex=\"-1\" >\n\t\t\t<div class=\"elementor-post__thumbnail\"><img fetchpriority=\"high\" decoding=\"async\" width=\"238\" height=\"300\" src=\"https:\/\/cacou.ddns.net\/road-trip\/wp-content\/uploads\/2025\/10\/USA-Route-66-238x300.jpg\" class=\"attachment-medium size-medium wp-image-2525\" alt=\"\" srcset=\"https:\/\/cacou.ddns.net\/road-trip\/wp-content\/uploads\/2025\/10\/USA-Route-66-238x300.jpg 238w, https:\/\/cacou.ddns.net\/road-trip\/wp-content\/uploads\/2025\/10\/USA-Route-66-768x970.jpg 768w, https:\/\/cacou.ddns.net\/road-trip\/wp-content\/uploads\/2025\/10\/USA-Route-66-116x146.jpg 116w, https:\/\/cacou.ddns.net\/road-trip\/wp-content\/uploads\/2025\/10\/USA-Route-66-40x50.jpg 40w, https:\/\/cacou.ddns.net\/road-trip\/wp-content\/uploads\/2025\/10\/USA-Route-66-59x75.jpg 59w, https:\/\/cacou.ddns.net\/road-trip\/wp-content\/uploads\/2025\/10\/USA-Route-66.jpg 792w\" sizes=\"(max-width: 238px) 100vw, 238px\" \/><\/div>\n\t\t<\/a>\n\t\t\t\t<div class=\"elementor-post__text\">\n\t\t\t\t<h6 class=\"elementor-post__title\">\n\t\t\t<a href=\"https:\/\/cacou.ddns.net\/road-trip\/index.php\/2025\/10\/19\/usa\/\" >\n\t\t\t\tUSA\t\t\t<\/a>\n\t\t<\/h6>\n\t\t\t\t<div class=\"elementor-post__meta-data\">\n\t\t\t\t\t<span class=\"elementor-post-date\">\n\t\t\t19 octobre 2025\t\t<\/span>\n\t\t\t\t<\/div>\n\t\t\t\t<div class=\"elementor-post__excerpt\">\n\t\t\t<p>USA &#8211; Route 66<\/p>\n\t\t<\/div>\n\t\t\t\t<\/div>\n\t\t\t\t<\/article>\n\t\t\t\t<\/div>\n\t\t\n\t\t\t\t\t\t<\/div>\n\t\t\t\t<\/div>\n\t\t\t\t<\/div>\n\t\t\t\t<\/div>\n\t\t","protected":false},"excerpt":{"rendered":"Tout le Road Trip USAPr\u00e9sentation du Road Trip Moto pr\u00e9vu du 10 mai au 30 mai 2026Distance4830 kmDur\u00e9e21 joursItin\u00e9raire Traces GPX Tout le Road Trip USACe<span class=\"excerpt-hellip\"> [\u2026]<\/span>","protected":false},"author":4,"featured_media":1814,"parent":0,"menu_order":0,"comment_status":"closed","ping_status":"closed","template":"","meta":{"footnotes":""},"class_list":["post-2542","page","type-page","status-publish","has-post-thumbnail","hentry"],"a3_pvc":{"activated":false,"total_views":20,"today_views":0},"_links":{"self":[{"href":"https:\/\/cacou.ddns.net\/road-trip\/index.php\/wp-json\/wp\/v2\/pages\/2542","targetHints":{"allow":["GET"]}}],"collection":[{"href":"https:\/\/cacou.ddns.net\/road-trip\/index.php\/wp-json\/wp\/v2\/pages"}],"about":[{"href":"https:\/\/cacou.ddns.net\/road-trip\/index.php\/wp-json\/wp\/v2\/types\/page"}],"author":[{"embeddable":true,"href":"https:\/\/cacou.ddns.net\/road-trip\/index.php\/wp-json\/wp\/v2\/users\/4"}],"replies":[{"embeddable":true,"href":"https:\/\/cacou.ddns.net\/road-trip\/index.php\/wp-json\/wp\/v2\/comments?post=2542"}],"version-history":[{"count":13,"href":"https:\/\/cacou.ddns.net\/road-trip\/index.php\/wp-json\/wp\/v2\/pages\/2542\/revisions"}],"predecessor-version":[{"id":4226,"href":"https:\/\/cacou.ddns.net\/road-trip\/index.php\/wp-json\/wp\/v2\/pages\/2542\/revisions\/4226"}],"wp:featuredmedia":[{"embeddable":true,"href":"https:\/\/cacou.ddns.net\/road-trip\/index.php\/wp-json\/wp\/v2\/media\/1814"}],"wp:attachment":[{"href":"https:\/\/cacou.ddns.net\/road-trip\/index.php\/wp-json\/wp\/v2\/media?parent=2542"}],"curies":[{"name":"wp","href":"https:\/\/api.w.org\/{rel}","templated":true}]}}