{"id":2835,"date":"2025-03-03T18:38:39","date_gmt":"2025-03-03T17:38:39","guid":{"rendered":"https:\/\/cacou.ddns.net\/road-trip\/?page_id=2835"},"modified":"2025-10-21T18:39:33","modified_gmt":"2025-10-21T16:39:33","slug":"roadtrip-moto-saint-malo","status":"publish","type":"page","link":"https:\/\/cacou.ddns.net\/road-trip\/index.php\/roadtrip-moto-saint-malo\/","title":{"rendered":"Road Trip Moto Saint Malo"},"content":{"rendered":"\t\t<div data-elementor-type=\"wp-page\" data-elementor-id=\"2835\" class=\"elementor elementor-2835\" data-elementor-post-type=\"page\">\n\t\t\t\t<div class=\"elementor-element elementor-element-fe6b448 e-con-full e-flex e-con e-parent\" data-id=\"fe6b448\" data-element_type=\"container\" data-e-type=\"container\">\n\t\t\t\t<div class=\"elementor-element elementor-element-6659b6f elementor-grid-4 elementor-grid-tablet-4 elementor-grid-mobile-2 elementor-posts--align-left elementor-widget__width-inherit elementor-posts--thumbnail-top elementor-widget elementor-widget-posts\" data-id=\"6659b6f\" data-element_type=\"widget\" data-e-type=\"widget\" data-settings=\"{&quot;classic_columns&quot;:&quot;4&quot;,&quot;classic_columns_tablet&quot;:&quot;4&quot;,&quot;classic_columns_mobile&quot;:&quot;2&quot;,&quot;classic_row_gap&quot;:{&quot;unit&quot;:&quot;px&quot;,&quot;size&quot;:&quot;&quot;,&quot;sizes&quot;:[]},&quot;classic_row_gap_mobile&quot;:{&quot;unit&quot;:&quot;px&quot;,&quot;size&quot;:5,&quot;sizes&quot;:[]},&quot;pagination_type&quot;:&quot;prev_next&quot;,&quot;classic_row_gap_tablet&quot;:{&quot;unit&quot;:&quot;px&quot;,&quot;size&quot;:&quot;&quot;,&quot;sizes&quot;:[]}}\" data-widget_type=\"posts.classic\">\n\t\t\t\t<div class=\"elementor-widget-container\">\n\t\t\t\t\t\t\t<div class=\"elementor-posts-container elementor-posts elementor-posts--skin-classic elementor-grid\" role=\"list\">\n\t\t\t\t<article class=\"elementor-post elementor-grid-item post-2827 post type-post status-publish format-standard has-post-thumbnail hentry category-saint-malo\" role=\"listitem\">\n\t\t\t\t<a class=\"elementor-post__thumbnail__link\" href=\"https:\/\/cacou.ddns.net\/road-trip\/index.php\/2024\/10\/14\/saint-malo\/\" tabindex=\"-1\" >\n\t\t\t<div class=\"elementor-post__thumbnail\"><img fetchpriority=\"high\" decoding=\"async\" width=\"300\" height=\"225\" src=\"https:\/\/cacou.ddns.net\/road-trip\/wp-content\/uploads\/2025\/01\/20241012_193218-300x225.jpg\" class=\"attachment-medium size-medium wp-image-830\" alt=\"\" srcset=\"https:\/\/cacou.ddns.net\/road-trip\/wp-content\/uploads\/2025\/01\/20241012_193218-300x225.jpg 300w, https:\/\/cacou.ddns.net\/road-trip\/wp-content\/uploads\/2025\/01\/20241012_193218-1024x768.jpg 1024w, https:\/\/cacou.ddns.net\/road-trip\/wp-content\/uploads\/2025\/01\/20241012_193218-768x576.jpg 768w, https:\/\/cacou.ddns.net\/road-trip\/wp-content\/uploads\/2025\/01\/20241012_193218-1536x1152.jpg 1536w, https:\/\/cacou.ddns.net\/road-trip\/wp-content\/uploads\/2025\/01\/20241012_193218-2048x1536.jpg 2048w, https:\/\/cacou.ddns.net\/road-trip\/wp-content\/uploads\/2025\/01\/20241012_193218-195x146.jpg 195w, https:\/\/cacou.ddns.net\/road-trip\/wp-content\/uploads\/2025\/01\/20241012_193218-50x38.jpg 50w, https:\/\/cacou.ddns.net\/road-trip\/wp-content\/uploads\/2025\/01\/20241012_193218-100x75.jpg 100w, https:\/\/cacou.ddns.net\/road-trip\/wp-content\/uploads\/2025\/01\/20241012_193218-960x720.jpg 960w\" sizes=\"(max-width: 300px) 100vw, 300px\" \/><\/div>\n\t\t<\/a>\n\t\t\t\t<div class=\"elementor-post__text\">\n\t\t\t\t<h6 class=\"elementor-post__title\">\n\t\t\t<a href=\"https:\/\/cacou.ddns.net\/road-trip\/index.php\/2024\/10\/14\/saint-malo\/\" >\n\t\t\t\tSaint Malo\t\t\t<\/a>\n\t\t<\/h6>\n\t\t\t\t<div class=\"elementor-post__meta-data\">\n\t\t\t\t\t<span class=\"elementor-post-date\">\n\t\t\t14 octobre 2024\t\t<\/span>\n\t\t\t\t<\/div>\n\t\t\t\t<div class=\"elementor-post__excerpt\">\n\t\t\t<p>Pr\u00e9sentation du Road Trip pr\u00e9vu du 12 et 13 octobre 2024 &#8211; La Bretagne<\/p>\n\t\t<\/div>\n\t\t\t\t<\/div>\n\t\t\t\t<\/article>\n\t\t\t\t<\/div>\n\t\t\n\t\t\t\t\t\t<\/div>\n\t\t\t\t<\/div>\n\t\t\t\t<\/div>\n\t\t\t\t<\/div>\n\t\t","protected":false},"excerpt":{"rendered":"Tout le Road Trip Saint MaloPr\u00e9sentation du Road Trip pr\u00e9vu du 12 et 13 octobre 2024Distance200 kmDur\u00e9e 7 heures (aller\/retour) Itin\u00e9raireTraces GPX Tout le Road Trip<span class=\"excerpt-hellip\"> [\u2026]<\/span>","protected":false},"author":4,"featured_media":1814,"parent":0,"menu_order":0,"comment_status":"closed","ping_status":"closed","template":"","meta":{"footnotes":""},"class_list":["post-2835","page","type-page","status-publish","has-post-thumbnail","hentry"],"a3_pvc":{"activated":false,"total_views":7,"today_views":0},"_links":{"self":[{"href":"https:\/\/cacou.ddns.net\/road-trip\/index.php\/wp-json\/wp\/v2\/pages\/2835","targetHints":{"allow":["GET"]}}],"collection":[{"href":"https:\/\/cacou.ddns.net\/road-trip\/index.php\/wp-json\/wp\/v2\/pages"}],"about":[{"href":"https:\/\/cacou.ddns.net\/road-trip\/index.php\/wp-json\/wp\/v2\/types\/page"}],"author":[{"embeddable":true,"href":"https:\/\/cacou.ddns.net\/road-trip\/index.php\/wp-json\/wp\/v2\/users\/4"}],"replies":[{"embeddable":true,"href":"https:\/\/cacou.ddns.net\/road-trip\/index.php\/wp-json\/wp\/v2\/comments?post=2835"}],"version-history":[{"count":4,"href":"https:\/\/cacou.ddns.net\/road-trip\/index.php\/wp-json\/wp\/v2\/pages\/2835\/revisions"}],"predecessor-version":[{"id":2839,"href":"https:\/\/cacou.ddns.net\/road-trip\/index.php\/wp-json\/wp\/v2\/pages\/2835\/revisions\/2839"}],"wp:featuredmedia":[{"embeddable":true,"href":"https:\/\/cacou.ddns.net\/road-trip\/index.php\/wp-json\/wp\/v2\/media\/1814"}],"wp:attachment":[{"href":"https:\/\/cacou.ddns.net\/road-trip\/index.php\/wp-json\/wp\/v2\/media?parent=2835"}],"curies":[{"name":"wp","href":"https:\/\/api.w.org\/{rel}","templated":true}]}}